{"id":424,"date":"2025-12-28T18:21:45","date_gmt":"2025-12-28T18:21:45","guid":{"rendered":"https:\/\/tilman-kuhrt.de\/wp\/?page_id=424"},"modified":"2025-12-28T20:21:40","modified_gmt":"2025-12-28T20:21:40","slug":"pop-up-buch-architekturgeschichte","status":"publish","type":"page","link":"https:\/\/tilman-kuhrt.de\/wp\/?page_id=424","title":{"rendered":"Pop-Up-Buch Architekturgeschichte"},"content":{"rendered":"\t\t<div data-elementor-type=\"wp-page\" data-elementor-id=\"424\" class=\"elementor elementor-424\">\n\t\t\t\t\t\t<section class=\"elementor-section elementor-top-section elementor-element elementor-element-47fc467 elementor-section-boxed elementor-section-height-default elementor-section-height-default\" data-id=\"47fc467\" data-element_type=\"section\">\n\t\t\t\t\t\t<div class=\"elementor-container elementor-column-gap-default\">\n\t\t\t\t\t<div class=\"elementor-column elementor-col-100 elementor-top-column elementor-element elementor-element-3b30abe\" data-id=\"3b30abe\" data-element_type=\"column\">\n\t\t\t<div class=\"elementor-widget-wrap elementor-element-populated\">\n\t\t\t\t\t\t<div class=\"elementor-element elementor-element-b53a3f4 elementor-widget elementor-widget-heading\" data-id=\"b53a3f4\" data-element_type=\"widget\" data-widget_type=\"heading.default\">\n\t\t\t\t<div class=\"elementor-widget-container\">\n\t\t\t\t\t<h2 class=\"elementor-heading-title elementor-size-default\">Kleines Pop-Up-Buch der Architekturgeschichte<\/h2>\t\t\t\t<\/div>\n\t\t\t\t<\/div>\n\t\t\t\t<div class=\"elementor-element elementor-element-5a6f0da elementor-widget elementor-widget-spacer\" data-id=\"5a6f0da\" data-element_type=\"widget\" data-widget_type=\"spacer.default\">\n\t\t\t\t<div class=\"elementor-widget-container\">\n\t\t\t\t\t\t\t<div class=\"elementor-spacer\">\n\t\t\t<div class=\"elementor-spacer-inner\"><\/div>\n\t\t<\/div>\n\t\t\t\t\t\t<\/div>\n\t\t\t\t<\/div>\n\t\t\t\t\t<\/div>\n\t\t<\/div>\n\t\t\t\t\t<\/div>\n\t\t<\/section>\n\t\t\t\t<section class=\"elementor-section elementor-top-section elementor-element elementor-element-3f01019 elementor-section-boxed elementor-section-height-default elementor-section-height-default\" data-id=\"3f01019\" data-element_type=\"section\">\n\t\t\t\t\t\t<div class=\"elementor-container elementor-column-gap-default\">\n\t\t\t\t\t<div class=\"elementor-column elementor-col-50 elementor-top-column elementor-element elementor-element-5824ae1\" data-id=\"5824ae1\" data-element_type=\"column\">\n\t\t\t<div class=\"elementor-widget-wrap elementor-element-populated\">\n\t\t\t\t\t\t<div class=\"elementor-element elementor-element-d633d8f elementor-widget__width-initial elementor-widget elementor-widget-text-editor\" data-id=\"d633d8f\" data-element_type=\"widget\" data-widget_type=\"text-editor.default\">\n\t\t\t\t<div class=\"elementor-widget-container\">\n\t\t\t\t\t\t\t\t\t<p>Der Popup-Zeitstrahl der Architekturgeschichte ist ein einzigartiges Lehr- und Arbeitsmittel, das die Entwicklung der Architektur von der Antike bis zur Moderne anschaulich erfahrbar macht. In Form eines Leporellos zum Selberbauen verbinden sich fundierte Informationen zu den wichtigsten Epochen und Stilen mit kreativem, handlungsorientiertem Lernen.<\/p>\n<p>Besonders geeignet ist dieses Material f\u00fcr den schulischen Bereich&nbsp;<span style=\"font-family: var( --e-global-typography-text-font-family ), Sans-serif; font-size: 1rem;\">ab Klasse 5. &nbsp;Sch\u00fclerinnen und Sch\u00fcler erhalten einen lebendigen Einblick in die architektonische Entwicklung und lernen die typischen Merkmale der Baukunst kennen.<\/span>&nbsp;<\/p>\n<p>Durch den Bau der Popup-Modelle wird nicht nur Wissen gefestigt, sondern auch das r\u00e4umliche Vorstellungsverm\u00f6gen geschult \u2013 ein entscheidender Schl\u00fcssel f\u00fcr das Verst\u00e4ndnis von Architektur, Kunst und Design.<\/p>\n<p>Der Zeitstrahl eignet sich gleicherma\u00dfen als Erg\u00e4nzung zum Unterricht, als Projektarbeit oder f\u00fcr selbstst\u00e4ndiges Lernen. Er verbindet historische Inhalte mit gestalterisch-praktischer T\u00e4tigkeit und macht die Geschichte der Architektur zu einem greifbaren Erlebnis.<\/p>\t\t\t\t\t\t\t\t<\/div>\n\t\t\t\t<\/div>\n\t\t\t\t\t<\/div>\n\t\t<\/div>\n\t\t\t\t<div class=\"elementor-column elementor-col-50 elementor-top-column elementor-element elementor-element-03948fd\" data-id=\"03948fd\" data-element_type=\"column\">\n\t\t\t<div class=\"elementor-widget-wrap elementor-element-populated\">\n\t\t\t\t\t\t<div class=\"elementor-element elementor-element-628a8dc elementor-widget__width-inherit elementor-widget elementor-widget-image\" data-id=\"628a8dc\" data-element_type=\"widget\" data-widget_type=\"image.default\">\n\t\t\t\t<div class=\"elementor-widget-container\">\n\t\t\t\t\t\t\t\t\t\t\t\t\t\t\t<img fetchpriority=\"high\" decoding=\"async\" width=\"984\" height=\"702\" src=\"https:\/\/tilman-kuhrt.de\/wp\/wp-content\/uploads\/2025\/12\/A-25Bastelboegen-fuer-Popupbuch-Architekturgeschichte-Bauhaus-Gera15.06.2025-Titel-klein.pdf.jpg\" class=\"attachment-1536x1536 size-1536x1536 wp-image-428\" alt=\"\" srcset=\"https:\/\/tilman-kuhrt.de\/wp\/wp-content\/uploads\/2025\/12\/A-25Bastelboegen-fuer-Popupbuch-Architekturgeschichte-Bauhaus-Gera15.06.2025-Titel-klein.pdf.jpg 984w, https:\/\/tilman-kuhrt.de\/wp\/wp-content\/uploads\/2025\/12\/A-25Bastelboegen-fuer-Popupbuch-Architekturgeschichte-Bauhaus-Gera15.06.2025-Titel-klein.pdf-300x214.jpg 300w, https:\/\/tilman-kuhrt.de\/wp\/wp-content\/uploads\/2025\/12\/A-25Bastelboegen-fuer-Popupbuch-Architekturgeschichte-Bauhaus-Gera15.06.2025-Titel-klein.pdf-768x548.jpg 768w\" sizes=\"100vw\" \/>\t\t\t\t\t\t\t\t\t\t\t\t\t\t\t<\/div>\n\t\t\t\t<\/div>\n\t\t\t\t<div class=\"elementor-element elementor-element-9bb4092 elementor-widget__width-initial elementor-widget-mobile__width-inherit elementor-widget elementor-widget-text-editor\" data-id=\"9bb4092\" data-element_type=\"widget\" data-widget_type=\"text-editor.default\">\n\t\t\t\t<div class=\"elementor-widget-container\">\n\t\t\t\t\t\t\t\t\t<p>Das Popup-Buch Architekturgeschichte ist unter der ISBN 978-3-9819131-5-6<br \/><br \/>direkt online erh\u00e4ltlich oder bei Frank Handrick Verlag,<br \/><br \/>Stahmelner Stra\u00dfe 131<br \/><br \/>04159 Leipzig,\u00a0Tel.:\u00a0+49 172 3704631<\/p>\t\t\t\t\t\t\t\t<\/div>\n\t\t\t\t<\/div>\n\t\t\t\t\t<\/div>\n\t\t<\/div>\n\t\t\t\t\t<\/div>\n\t\t<\/section>\n\t\t\t\t<section class=\"elementor-section elementor-top-section elementor-element elementor-element-9b8488a elementor-section-boxed elementor-section-height-default elementor-section-height-default\" data-id=\"9b8488a\" data-element_type=\"section\">\n\t\t\t\t\t\t<div class=\"elementor-container elementor-column-gap-default\">\n\t\t\t\t\t<div class=\"elementor-column elementor-col-100 elementor-top-column elementor-element elementor-element-81f6bec\" data-id=\"81f6bec\" data-element_type=\"column\">\n\t\t\t<div class=\"elementor-widget-wrap elementor-element-populated\">\n\t\t\t\t\t\t<div class=\"elementor-element elementor-element-e5bf8fe elementor-align-justify elementor-widget elementor-widget-button\" data-id=\"e5bf8fe\" data-element_type=\"widget\" data-widget_type=\"button.default\">\n\t\t\t\t<div class=\"elementor-widget-container\">\n\t\t\t\t\t\t\t\t\t<div class=\"elementor-button-wrapper\">\n\t\t\t\t\t<a class=\"elementor-button elementor-button-link elementor-size-sm elementor-animation-shrink\" href=\"https:\/\/www.handrick-verlag.de\/buecher-herrnhuter-sterne\">\n\t\t\t\t\t\t<span class=\"elementor-button-content-wrapper\">\n\t\t\t\t\t\t<span class=\"elementor-button-icon\">\n\t\t\t\t<i aria-hidden=\"true\" class=\"fas fa-angle-double-right\"><\/i>\t\t\t<\/span>\n\t\t\t\t\t\t\t\t\t<span class=\"elementor-button-text\">Zur Bestellung<\/span>\n\t\t\t\t\t<\/span>\n\t\t\t\t\t<\/a>\n\t\t\t\t<\/div>\n\t\t\t\t\t\t\t\t<\/div>\n\t\t\t\t<\/div>\n\t\t\t\t\t<\/div>\n\t\t<\/div>\n\t\t\t\t\t<\/div>\n\t\t<\/section>\n\t\t\t\t<section class=\"elementor-section elementor-top-section elementor-element elementor-element-7f12bb2 elementor-section-boxed elementor-section-height-default elementor-section-height-default\" data-id=\"7f12bb2\" data-element_type=\"section\">\n\t\t\t\t\t\t<div class=\"elementor-container elementor-column-gap-default\">\n\t\t\t\t\t<div class=\"elementor-column elementor-col-100 elementor-top-column elementor-element elementor-element-8aa21f9\" data-id=\"8aa21f9\" data-element_type=\"column\">\n\t\t\t<div class=\"elementor-widget-wrap elementor-element-populated\">\n\t\t\t\t\t\t<div class=\"elementor-element elementor-element-0b97d9b elementor-widget elementor-widget-heading\" data-id=\"0b97d9b\" data-element_type=\"widget\" data-widget_type=\"heading.default\">\n\t\t\t\t<div class=\"elementor-widget-container\">\n\t\t\t\t\t<h2 class=\"elementor-heading-title elementor-size-default\">Aufbauanleitung<\/h2>\t\t\t\t<\/div>\n\t\t\t\t<\/div>\n\t\t\t\t\t<\/div>\n\t\t<\/div>\n\t\t\t\t\t<\/div>\n\t\t<\/section>\n\t\t\t\t<section class=\"elementor-section elementor-top-section elementor-element elementor-element-50bd18b elementor-section-boxed elementor-section-height-default elementor-section-height-default\" data-id=\"50bd18b\" data-element_type=\"section\">\n\t\t\t\t\t\t<div class=\"elementor-container elementor-column-gap-default\">\n\t\t\t\t\t<div class=\"elementor-column elementor-col-100 elementor-top-column elementor-element elementor-element-b453e49\" data-id=\"b453e49\" data-element_type=\"column\">\n\t\t\t<div class=\"elementor-widget-wrap elementor-element-populated\">\n\t\t\t\t\t\t<div class=\"elementor-element elementor-element-c24777d elementor-widget elementor-widget-video\" data-id=\"c24777d\" data-element_type=\"widget\" data-settings=\"{&quot;youtube_url&quot;:&quot;https:\\\/\\\/youtu.be\\\/Bca9jpEbdoE?si=EMN6RV4qDJHsPWuo&quot;,&quot;video_type&quot;:&quot;youtube&quot;,&quot;controls&quot;:&quot;yes&quot;}\" data-widget_type=\"video.default\">\n\t\t\t\t<div class=\"elementor-widget-container\">\n\t\t\t\t\t\t\t<div class=\"elementor-wrapper elementor-open-inline\">\n\t\t\t<div class=\"elementor-video\"><\/div>\t\t<\/div>\n\t\t\t\t\t\t<\/div>\n\t\t\t\t<\/div>\n\t\t\t\t\t<\/div>\n\t\t<\/div>\n\t\t\t\t\t<\/div>\n\t\t<\/section>\n\t\t\t\t<\/div>\n\t\t","protected":false},"excerpt":{"rendered":"<p>Kleines Pop-Up-Buch der Architekturgeschichte Der Popup-Zeitstrahl der Architekturgeschichte ist ein einzigartiges Lehr- und Arbeitsmittel, das die Entwicklung der Architektur von der Antike bis zur Moderne anschaulich erfahrbar macht. In Form eines Leporellos zum Selberbauen verbinden sich fundierte Informationen zu den wichtigsten Epochen und Stilen mit kreativem, handlungsorientiertem Lernen. Besonders geeignet ist dieses Material f\u00fcr den &hellip; <\/p>\n<p class=\"link-more\"><a href=\"https:\/\/tilman-kuhrt.de\/wp\/?page_id=424\" class=\"more-link\"><span class=\"screen-reader-text\">\u201ePop-Up-Buch Architekturgeschichte\u201c<\/span> weiterlesen<\/a><\/p>\n","protected":false},"author":1,"featured_media":0,"parent":0,"menu_order":0,"comment_status":"closed","ping_status":"closed","template":"elementor_header_footer","meta":{"footnotes":""},"class_list":["post-424","page","type-page","status-publish","hentry"],"_links":{"self":[{"href":"https:\/\/tilman-kuhrt.de\/wp\/index.php?rest_route=\/wp\/v2\/pages\/424","targetHints":{"allow":["GET"]}}],"collection":[{"href":"https:\/\/tilman-kuhrt.de\/wp\/index.php?rest_route=\/wp\/v2\/pages"}],"about":[{"href":"https:\/\/tilman-kuhrt.de\/wp\/index.php?rest_route=\/wp\/v2\/types\/page"}],"author":[{"embeddable":true,"href":"https:\/\/tilman-kuhrt.de\/wp\/index.php?rest_route=\/wp\/v2\/users\/1"}],"replies":[{"embeddable":true,"href":"https:\/\/tilman-kuhrt.de\/wp\/index.php?rest_route=%2Fwp%2Fv2%2Fcomments&post=424"}],"version-history":[{"count":38,"href":"https:\/\/tilman-kuhrt.de\/wp\/index.php?rest_route=\/wp\/v2\/pages\/424\/revisions"}],"predecessor-version":[{"id":526,"href":"https:\/\/tilman-kuhrt.de\/wp\/index.php?rest_route=\/wp\/v2\/pages\/424\/revisions\/526"}],"wp:attachment":[{"href":"https:\/\/tilman-kuhrt.de\/wp\/index.php?rest_route=%2Fwp%2Fv2%2Fmedia&parent=424"}],"curies":[{"name":"wp","href":"https:\/\/api.w.org\/{rel}","templated":true}]}}