{"id":177,"date":"2020-08-15T16:42:12","date_gmt":"2020-08-15T16:42:12","guid":{"rendered":"https:\/\/tilman-kuhrt.de\/wp\/?page_id=177"},"modified":"2020-08-20T09:39:08","modified_gmt":"2020-08-20T09:39:08","slug":"elementor-177","status":"publish","type":"page","link":"https:\/\/tilman-kuhrt.de\/wp\/?page_id=177","title":{"rendered":"Perspective-Buch"},"content":{"rendered":"\t\t<div data-elementor-type=\"wp-post\" data-elementor-id=\"177\" class=\"elementor elementor-177\">\n\t\t\t\t\t\t<section class=\"elementor-section elementor-top-section elementor-element elementor-element-590b62b elementor-section-boxed elementor-section-height-default elementor-section-height-default\" data-id=\"590b62b\" data-element_type=\"section\" data-settings=\"{&quot;background_background&quot;:&quot;video&quot;,&quot;background_play_on_mobile&quot;:&quot;yes&quot;}\">\n\t\t\t\t\t\t<div class=\"elementor-container elementor-column-gap-default\">\n\t\t\t\t\t<div class=\"elementor-column elementor-col-100 elementor-top-column elementor-element elementor-element-47b41ab\" data-id=\"47b41ab\" data-element_type=\"column\">\n\t\t\t<div class=\"elementor-widget-wrap elementor-element-populated\">\n\t\t\t\t\t\t<div class=\"elementor-element elementor-element-b467095 elementor-invisible elementor-widget elementor-widget-heading\" data-id=\"b467095\" data-element_type=\"widget\" data-settings=\"{&quot;_animation&quot;:&quot;fadeIn&quot;}\" data-widget_type=\"heading.default\">\n\t\t\t\t<div class=\"elementor-widget-container\">\n\t\t\t\t\t<h5 class=\"elementor-heading-title elementor-size-xl\">Perspective-Buch<\/h5>\t\t\t\t<\/div>\n\t\t\t\t<\/div>\n\t\t\t\t\t<\/div>\n\t\t<\/div>\n\t\t\t\t\t<\/div>\n\t\t<\/section>\n\t\t\t\t<section class=\"elementor-section elementor-top-section elementor-element elementor-element-03a0902 elementor-section-boxed elementor-section-height-default elementor-section-height-default\" data-id=\"03a0902\" data-element_type=\"section\" data-settings=\"{&quot;background_background&quot;:&quot;classic&quot;}\">\n\t\t\t\t\t\t<div class=\"elementor-container elementor-column-gap-default\">\n\t\t\t\t\t<div class=\"elementor-column elementor-col-100 elementor-top-column elementor-element elementor-element-40d7ac6\" data-id=\"40d7ac6\" data-element_type=\"column\">\n\t\t\t<div class=\"elementor-widget-wrap elementor-element-populated\">\n\t\t\t\t\t\t<div class=\"elementor-element elementor-element-3322c4e elementor-widget elementor-widget-spacer\" data-id=\"3322c4e\" data-element_type=\"widget\" data-widget_type=\"spacer.default\">\n\t\t\t\t<div class=\"elementor-widget-container\">\n\t\t\t\t\t\t\t<div class=\"elementor-spacer\">\n\t\t\t<div class=\"elementor-spacer-inner\"><\/div>\n\t\t<\/div>\n\t\t\t\t\t\t<\/div>\n\t\t\t\t<\/div>\n\t\t\t\t\t<\/div>\n\t\t<\/div>\n\t\t\t\t\t<\/div>\n\t\t<\/section>\n\t\t\t\t<section class=\"elementor-section elementor-top-section elementor-element elementor-element-eb13414 elementor-section-boxed elementor-section-height-default elementor-section-height-default\" data-id=\"eb13414\" data-element_type=\"section\">\n\t\t\t\t\t\t<div class=\"elementor-container elementor-column-gap-default\">\n\t\t\t\t\t<div class=\"elementor-column elementor-col-100 elementor-top-column elementor-element elementor-element-36dbb7d\" data-id=\"36dbb7d\" data-element_type=\"column\">\n\t\t\t<div class=\"elementor-widget-wrap elementor-element-populated\">\n\t\t\t\t\t\t<div class=\"elementor-element elementor-element-09e987a elementor-invisible elementor-widget elementor-widget-button\" data-id=\"09e987a\" data-element_type=\"widget\" data-settings=\"{&quot;_animation&quot;:&quot;fadeIn&quot;}\" data-widget_type=\"button.default\">\n\t\t\t\t<div class=\"elementor-widget-container\">\n\t\t\t\t\t\t\t\t\t<div class=\"elementor-button-wrapper\">\n\t\t\t\t\t<a class=\"elementor-button elementor-button-link elementor-size-sm elementor-animation-shrink\" href=\"https:\/\/tilman-kuhrt.de\/wp\/\">\n\t\t\t\t\t\t<span class=\"elementor-button-content-wrapper\">\n\t\t\t\t\t\t<span class=\"elementor-button-icon\">\n\t\t\t\t<i aria-hidden=\"true\" class=\"fas fa-arrow-left\"><\/i>\t\t\t<\/span>\n\t\t\t\t\t\t\t\t\t<span class=\"elementor-button-text\">Start<\/span>\n\t\t\t\t\t<\/span>\n\t\t\t\t\t<\/a>\n\t\t\t\t<\/div>\n\t\t\t\t\t\t\t\t<\/div>\n\t\t\t\t<\/div>\n\t\t\t\t\t<\/div>\n\t\t<\/div>\n\t\t\t\t\t<\/div>\n\t\t<\/section>\n\t\t\t\t<section class=\"elementor-section elementor-top-section elementor-element elementor-element-29e3120 elementor-section-boxed elementor-section-height-default elementor-section-height-default\" data-id=\"29e3120\" data-element_type=\"section\">\n\t\t\t\t\t\t<div class=\"elementor-container elementor-column-gap-default\">\n\t\t\t\t\t<div class=\"elementor-column elementor-col-100 elementor-top-column elementor-element elementor-element-e595a80\" data-id=\"e595a80\" data-element_type=\"column\">\n\t\t\t<div class=\"elementor-widget-wrap elementor-element-populated\">\n\t\t\t\t\t\t<div class=\"elementor-element elementor-element-62c84f5 elementor-invisible elementor-widget elementor-widget-video\" data-id=\"62c84f5\" data-element_type=\"widget\" data-settings=\"{&quot;_animation&quot;:&quot;fadeIn&quot;,&quot;video_type&quot;:&quot;hosted&quot;,&quot;controls&quot;:&quot;yes&quot;}\" data-widget_type=\"video.default\">\n\t\t\t\t<div class=\"elementor-widget-container\">\n\t\t\t\t\t\t\t<div class=\"e-hosted-video elementor-wrapper elementor-open-inline\">\n\t\t\t\t\t<video class=\"elementor-video\" src=\"https:\/\/tilman-kuhrt.de\/wp\/wp-content\/uploads\/2020\/08\/perspektiv-buch_1.mp4\" controls=\"\" preload=\"metadata\" controlsList=\"nodownload\" poster=\"https:\/\/tilman-kuhrt.de\/wp\/wp-content\/uploads\/2020\/08\/DSC0499-scaled.jpg\"><\/video>\n\t\t\t\t<\/div>\n\t\t\t\t\t\t<\/div>\n\t\t\t\t<\/div>\n\t\t\t\t\t<\/div>\n\t\t<\/div>\n\t\t\t\t\t<\/div>\n\t\t<\/section>\n\t\t\t\t<section class=\"elementor-section elementor-top-section elementor-element elementor-element-6f67e2b elementor-section-boxed elementor-section-height-default elementor-section-height-default\" data-id=\"6f67e2b\" data-element_type=\"section\">\n\t\t\t\t\t\t<div class=\"elementor-container elementor-column-gap-default\">\n\t\t\t\t\t<div class=\"elementor-column elementor-col-100 elementor-top-column elementor-element elementor-element-0f9f847\" data-id=\"0f9f847\" data-element_type=\"column\">\n\t\t\t<div class=\"elementor-widget-wrap elementor-element-populated\">\n\t\t\t\t\t\t<div class=\"elementor-element elementor-element-62ed4de elementor-widget elementor-widget-image-gallery\" data-id=\"62ed4de\" data-element_type=\"widget\" data-widget_type=\"image-gallery.default\">\n\t\t\t\t<div class=\"elementor-widget-container\">\n\t\t\t\t\t\t\t<div class=\"elementor-image-gallery\">\n\t\t\t<div id='gallery-1' class='gallery galleryid-177 gallery-columns-2 gallery-size-full'><figure class='gallery-item'>\n\t\t\t<div class='gallery-icon landscape'>\n\t\t\t\t<a data-elementor-open-lightbox=\"yes\" data-elementor-lightbox-slideshow=\"62ed4de\" data-elementor-lightbox-title=\"_DSC0498\" data-e-action-hash=\"#elementor-action%3Aaction%3Dlightbox%26settings%3DeyJpZCI6MTg1LCJ1cmwiOiJodHRwczpcL1wvdGlsbWFuLWt1aHJ0LmRlXC93cFwvd3AtY29udGVudFwvdXBsb2Fkc1wvMjAyMFwvMDhcL0RTQzA0OTgtc2NhbGVkLmpwZyIsInNsaWRlc2hvdyI6IjYyZWQ0ZGUifQ%3D%3D\" href='https:\/\/tilman-kuhrt.de\/wp\/wp-content\/uploads\/2020\/08\/DSC0498-scaled.jpg'><img fetchpriority=\"high\" decoding=\"async\" width=\"2560\" height=\"1440\" src=\"https:\/\/tilman-kuhrt.de\/wp\/wp-content\/uploads\/2020\/08\/DSC0498-scaled.jpg\" class=\"attachment-full size-full\" alt=\"\" srcset=\"https:\/\/tilman-kuhrt.de\/wp\/wp-content\/uploads\/2020\/08\/DSC0498-scaled.jpg 2560w, https:\/\/tilman-kuhrt.de\/wp\/wp-content\/uploads\/2020\/08\/DSC0498-300x169.jpg 300w, https:\/\/tilman-kuhrt.de\/wp\/wp-content\/uploads\/2020\/08\/DSC0498-1024x576.jpg 1024w, https:\/\/tilman-kuhrt.de\/wp\/wp-content\/uploads\/2020\/08\/DSC0498-768x432.jpg 768w, https:\/\/tilman-kuhrt.de\/wp\/wp-content\/uploads\/2020\/08\/DSC0498-1536x864.jpg 1536w, https:\/\/tilman-kuhrt.de\/wp\/wp-content\/uploads\/2020\/08\/DSC0498-2048x1152.jpg 2048w\" sizes=\"100vw\" \/><\/a>\n\t\t\t<\/div><\/figure><figure class='gallery-item'>\n\t\t\t<div class='gallery-icon landscape'>\n\t\t\t\t<a data-elementor-open-lightbox=\"yes\" data-elementor-lightbox-slideshow=\"62ed4de\" data-elementor-lightbox-title=\"_DSC0499\" data-e-action-hash=\"#elementor-action%3Aaction%3Dlightbox%26settings%3DeyJpZCI6MTgzLCJ1cmwiOiJodHRwczpcL1wvdGlsbWFuLWt1aHJ0LmRlXC93cFwvd3AtY29udGVudFwvdXBsb2Fkc1wvMjAyMFwvMDhcL0RTQzA0OTktc2NhbGVkLmpwZyIsInNsaWRlc2hvdyI6IjYyZWQ0ZGUifQ%3D%3D\" href='https:\/\/tilman-kuhrt.de\/wp\/wp-content\/uploads\/2020\/08\/DSC0499-scaled.jpg'><img decoding=\"async\" width=\"2560\" height=\"1440\" src=\"https:\/\/tilman-kuhrt.de\/wp\/wp-content\/uploads\/2020\/08\/DSC0499-scaled.jpg\" class=\"attachment-full size-full\" alt=\"\" srcset=\"https:\/\/tilman-kuhrt.de\/wp\/wp-content\/uploads\/2020\/08\/DSC0499-scaled.jpg 2560w, https:\/\/tilman-kuhrt.de\/wp\/wp-content\/uploads\/2020\/08\/DSC0499-300x169.jpg 300w, https:\/\/tilman-kuhrt.de\/wp\/wp-content\/uploads\/2020\/08\/DSC0499-1024x576.jpg 1024w, https:\/\/tilman-kuhrt.de\/wp\/wp-content\/uploads\/2020\/08\/DSC0499-768x432.jpg 768w, https:\/\/tilman-kuhrt.de\/wp\/wp-content\/uploads\/2020\/08\/DSC0499-1536x864.jpg 1536w, https:\/\/tilman-kuhrt.de\/wp\/wp-content\/uploads\/2020\/08\/DSC0499-2048x1152.jpg 2048w\" sizes=\"100vw\" \/><\/a>\n\t\t\t<\/div><\/figure>\n\t\t<\/div>\n\t\t<\/div>\n\t\t\t\t\t\t<\/div>\n\t\t\t\t<\/div>\n\t\t\t\t<div class=\"elementor-element elementor-element-0a5d3a4 elementor-widget elementor-widget-spacer\" data-id=\"0a5d3a4\" data-element_type=\"widget\" data-widget_type=\"spacer.default\">\n\t\t\t\t<div class=\"elementor-widget-container\">\n\t\t\t\t\t\t\t<div class=\"elementor-spacer\">\n\t\t\t<div class=\"elementor-spacer-inner\"><\/div>\n\t\t<\/div>\n\t\t\t\t\t\t<\/div>\n\t\t\t\t<\/div>\n\t\t\t\t\t<\/div>\n\t\t<\/div>\n\t\t\t\t\t<\/div>\n\t\t<\/section>\n\t\t\t\t<section class=\"elementor-section elementor-top-section elementor-element elementor-element-e7990b7 elementor-section-boxed elementor-section-height-default elementor-section-height-default\" data-id=\"e7990b7\" data-element_type=\"section\">\n\t\t\t\t\t\t<div class=\"elementor-container elementor-column-gap-default\">\n\t\t\t\t\t<div class=\"elementor-column elementor-col-100 elementor-top-column elementor-element elementor-element-ec1ba58\" data-id=\"ec1ba58\" data-element_type=\"column\">\n\t\t\t<div class=\"elementor-widget-wrap elementor-element-populated\">\n\t\t\t\t\t\t<div class=\"elementor-element elementor-element-a71f594 elementor-widget elementor-widget-text-editor\" data-id=\"a71f594\" data-element_type=\"widget\" data-widget_type=\"text-editor.default\">\n\t\t\t\t<div class=\"elementor-widget-container\">\n\t\t\t\t\t\t\t\t\t<p>Wie entsteht ein\u00a0perspektivisches Bild?<\/p><p>Wie verk\u00fcrzen sich\u00a0Strecken?<\/p><p>Wie konstruiert man Schatten?<\/p><p>Wie sieht der Schatten aus, der in eine mit Milch gef\u00fcllte Tasse f\u00e4llt?<\/p><p>Wie sieht der\u00a0Schatten aus, den eine\u00a0Kugel auf eine andere Kugel wirft?<\/p><p>Wie sieht der Eigenschatten eines Rotationshyperboloids aus?<\/p><p>\u00a0<\/p><p>In seiner langj\u00e4hrigen\u00a0Arbeit an der Leipzig School of Design ist Tilman Kuhrt vielen<\/p><p>Fragen der perspektivischen Darstellung auf den Grund gegangen.<\/p><p>Das Ergebnis seiner\u00a0Untersuchungen auf dem Gebiet der darstellenden Geometrie und<\/p><p>Perspektive ist in diesem Buch zusammengefasst.<\/p><p>So kann man Antwort auf all diese Fragen in\u00a0diesem Buch finden.<\/p>\t\t\t\t\t\t\t\t<\/div>\n\t\t\t\t<\/div>\n\t\t\t\t\t<\/div>\n\t\t<\/div>\n\t\t\t\t\t<\/div>\n\t\t<\/section>\n\t\t\t\t<section class=\"elementor-section elementor-top-section elementor-element elementor-element-a1b4638 elementor-section-boxed elementor-section-height-default elementor-section-height-default\" data-id=\"a1b4638\" data-element_type=\"section\">\n\t\t\t\t\t\t<div class=\"elementor-container elementor-column-gap-default\">\n\t\t\t\t\t<div class=\"elementor-column elementor-col-100 elementor-top-column elementor-element elementor-element-321fd53\" data-id=\"321fd53\" data-element_type=\"column\">\n\t\t\t<div class=\"elementor-widget-wrap elementor-element-populated\">\n\t\t\t\t\t\t<div class=\"elementor-element elementor-element-414452f elementor-widget elementor-widget-spacer\" data-id=\"414452f\" data-element_type=\"widget\" data-widget_type=\"spacer.default\">\n\t\t\t\t<div class=\"elementor-widget-container\">\n\t\t\t\t\t\t\t<div class=\"elementor-spacer\">\n\t\t\t<div class=\"elementor-spacer-inner\"><\/div>\n\t\t<\/div>\n\t\t\t\t\t\t<\/div>\n\t\t\t\t<\/div>\n\t\t\t\t<div class=\"elementor-element elementor-element-3af36f1 elementor-widget elementor-widget-image-gallery\" data-id=\"3af36f1\" data-element_type=\"widget\" data-widget_type=\"image-gallery.default\">\n\t\t\t\t<div class=\"elementor-widget-container\">\n\t\t\t\t\t\t\t<div class=\"elementor-image-gallery\">\n\t\t\t<div id='gallery-2' class='gallery galleryid-177 gallery-columns-1 gallery-size-full'><figure class='gallery-item'>\n\t\t\t<div class='gallery-icon landscape'>\n\t\t\t\t<a data-elementor-open-lightbox=\"yes\" data-elementor-lightbox-slideshow=\"3af36f1\" data-elementor-lightbox-title=\"beidespng\" data-e-action-hash=\"#elementor-action%3Aaction%3Dlightbox%26settings%3DeyJpZCI6MTgxLCJ1cmwiOiJodHRwczpcL1wvdGlsbWFuLWt1aHJ0LmRlXC93cFwvd3AtY29udGVudFwvdXBsb2Fkc1wvMjAyMFwvMDhcL2JlaWRlc3BuZy5wbmciLCJzbGlkZXNob3ciOiIzYWYzNmYxIn0%3D\" href='https:\/\/tilman-kuhrt.de\/wp\/wp-content\/uploads\/2020\/08\/beidespng.png'><img decoding=\"async\" width=\"6000\" height=\"3376\" src=\"https:\/\/tilman-kuhrt.de\/wp\/wp-content\/uploads\/2020\/08\/beidespng.png\" class=\"attachment-full size-full\" alt=\"\" srcset=\"https:\/\/tilman-kuhrt.de\/wp\/wp-content\/uploads\/2020\/08\/beidespng.png 6000w, https:\/\/tilman-kuhrt.de\/wp\/wp-content\/uploads\/2020\/08\/beidespng-300x169.png 300w, https:\/\/tilman-kuhrt.de\/wp\/wp-content\/uploads\/2020\/08\/beidespng-1024x576.png 1024w, https:\/\/tilman-kuhrt.de\/wp\/wp-content\/uploads\/2020\/08\/beidespng-768x432.png 768w, https:\/\/tilman-kuhrt.de\/wp\/wp-content\/uploads\/2020\/08\/beidespng-1536x864.png 1536w, https:\/\/tilman-kuhrt.de\/wp\/wp-content\/uploads\/2020\/08\/beidespng-2048x1152.png 2048w\" sizes=\"100vw\" \/><\/a>\n\t\t\t<\/div><\/figure>\n\t\t<\/div>\n\t\t<\/div>\n\t\t\t\t\t\t<\/div>\n\t\t\t\t<\/div>\n\t\t\t\t\t<\/div>\n\t\t<\/div>\n\t\t\t\t\t<\/div>\n\t\t<\/section>\n\t\t\t\t<section class=\"elementor-section elementor-top-section elementor-element elementor-element-c80d3fa elementor-section-boxed elementor-section-height-default elementor-section-height-default\" data-id=\"c80d3fa\" data-element_type=\"section\">\n\t\t\t\t\t\t<div class=\"elementor-container elementor-column-gap-default\">\n\t\t\t\t\t<div class=\"elementor-column elementor-col-100 elementor-top-column elementor-element elementor-element-198a7f3\" data-id=\"198a7f3\" data-element_type=\"column\">\n\t\t\t<div class=\"elementor-widget-wrap elementor-element-populated\">\n\t\t\t\t\t\t<div class=\"elementor-element elementor-element-43e8d6f elementor-invisible elementor-widget elementor-widget-text-editor\" data-id=\"43e8d6f\" data-element_type=\"widget\" data-settings=\"{&quot;_animation&quot;:&quot;fadeIn&quot;}\" data-widget_type=\"text-editor.default\">\n\t\t\t\t<div class=\"elementor-widget-container\">\n\t\t\t\t\t\t\t\t\t<p>Copyright \u00a9 2020. Tilman Kuhrt &#8211; Malerei, Graphik. E-Mail: <span id=\"cloak28deef0406664c20870d4c385d02fb6e\"><a href=\"mailto:info@tilman-kuhrt.de\">info@tilman-kuhrt.de<\/a><\/span>\u00a0 \u00a0 \u00a0designed by Adrian Heller: <a href=\"https:\/\/adrian-heller.de\">https:\/\/adrian-heller.de<\/a><\/p>\t\t\t\t\t\t\t\t<\/div>\n\t\t\t\t<\/div>\n\t\t\t\t\t<\/div>\n\t\t<\/div>\n\t\t\t\t\t<\/div>\n\t\t<\/section>\n\t\t\t\t<\/div>\n\t\t","protected":false},"excerpt":{"rendered":"<p>Perspective-Buch Start https:\/\/tilman-kuhrt.de\/wp\/wp-content\/uploads\/2020\/08\/perspektiv-buch_1.mp4 Wie entsteht ein&nbsp;perspektivisches Bild? Wie verk\u00fcrzen sich&nbsp;Strecken? Wie konstruiert man Schatten? Wie sieht der Schatten aus, der in eine mit Milch gef\u00fcllte Tasse f\u00e4llt? Wie sieht der&nbsp;Schatten aus, den eine&nbsp;Kugel auf eine andere Kugel wirft? Wie sieht der Eigenschatten eines Rotationshyperboloids aus? In seiner langj\u00e4hrigen&nbsp;Arbeit an der Leipzig School of Design ist &hellip; <\/p>\n<p class=\"link-more\"><a href=\"https:\/\/tilman-kuhrt.de\/wp\/?page_id=177\" class=\"more-link\"><span class=\"screen-reader-text\">\u201ePerspective-Buch\u201c<\/span> weiterlesen<\/a><\/p>\n","protected":false},"author":1,"featured_media":0,"parent":0,"menu_order":3,"comment_status":"closed","ping_status":"closed","template":"elementor_header_footer","meta":{"footnotes":""},"class_list":["post-177","page","type-page","status-publish","hentry"],"_links":{"self":[{"href":"https:\/\/tilman-kuhrt.de\/wp\/index.php?rest_route=\/wp\/v2\/pages\/177","targetHints":{"allow":["GET"]}}],"collection":[{"href":"https:\/\/tilman-kuhrt.de\/wp\/index.php?rest_route=\/wp\/v2\/pages"}],"about":[{"href":"https:\/\/tilman-kuhrt.de\/wp\/index.php?rest_route=\/wp\/v2\/types\/page"}],"author":[{"embeddable":true,"href":"https:\/\/tilman-kuhrt.de\/wp\/index.php?rest_route=\/wp\/v2\/users\/1"}],"replies":[{"embeddable":true,"href":"https:\/\/tilman-kuhrt.de\/wp\/index.php?rest_route=%2Fwp%2Fv2%2Fcomments&post=177"}],"version-history":[{"count":27,"href":"https:\/\/tilman-kuhrt.de\/wp\/index.php?rest_route=\/wp\/v2\/pages\/177\/revisions"}],"predecessor-version":[{"id":342,"href":"https:\/\/tilman-kuhrt.de\/wp\/index.php?rest_route=\/wp\/v2\/pages\/177\/revisions\/342"}],"wp:attachment":[{"href":"https:\/\/tilman-kuhrt.de\/wp\/index.php?rest_route=%2Fwp%2Fv2%2Fmedia&parent=177"}],"curies":[{"name":"wp","href":"https:\/\/api.w.org\/{rel}","templated":true}]}}